{"id":392,"date":"2018-07-26T07:17:24","date_gmt":"2018-07-26T07:17:24","guid":{"rendered":"http:\/\/lmsdemo.loc\/lms-white\/?page_id=392"},"modified":"2025-05-08T04:44:28","modified_gmt":"2025-05-08T02:44:28","slug":"about-us","status":"publish","type":"page","link":"https:\/\/prosoponai.com\/1m5\/about-us\/","title":{"rendered":"About Us"},"content":{"rendered":"<div class=\"wpb-content-wrapper\"><p>[vc_row css=&#8221;.vc_custom_1435816078010{margin-bottom: 15px !important;}&#8221;][vc_column width=&#8221;1\/2&#8243;][vc_custom_heading text=&#8221;\u00bfQui\u00e9nes <strong>Somos?<\/strong>&#8221; use_theme_fonts=&#8221;yes&#8221; css=&#8221;.vc_custom_1746664814701{margin-bottom: 29px !important;}&#8221;][vc_column_text css=&#8221;.vc_custom_1746664723457{margin-bottom: 32px !important;}&#8221;]<strong>ProsoponAI<\/strong>&nbsp;es una plataforma educativa online dedicada a ofrecer cursos sobre Inteligencia Artificial. Inspirada en el concepto griego de &#8220;prosopon&#8221;, que significa &#8220;rostro&#8221; o &#8220;persona&#8221;, ProsoponAI coloca a la dignidad humana en el centro de la relaci\u00f3n entre el hombre y la tecnolog\u00eda. Nuestro objetivo es democratizar el acceso al conocimiento en IA, ofreciendo formaci\u00f3n sin costo, accesible y \u00e9tica, dise\u00f1ada para empoderar a todas las personas, sin importar su contexto, a enfrentar los desaf\u00edos de un mundo cada vez m\u00e1s tecnol\u00f3gico.[\/vc_column_text][vc_separator color=&#8221;custom&#8221; border_width=&#8221;3&#8243; accent_color=&#8221;#E86905&#8243;][vc_row_inner content_placement=&#8221;middle&#8221;][vc_column_inner width=&#8221;1\/4&#8243;]<div class=\"  uavc-icons \">\n<div class=\"aio-icon  \" data-animation=\"bounceIn\" data-animation-delay=\"03\" style=\"color:#E86905;font-size:55px;margin-right:5px;\">\n\t<i class=\"Defaults-apple\"><\/i>\n<\/div><\/div>[\/vc_column_inner][vc_column_inner width=&#8221;1\/4&#8243;]<div class=\" uavc-icons-center uavc-icons \">\n<div class=\"aio-icon  \" data-animation=\"bounceIn\" data-animation-delay=\"03\" style=\"color:#E86905;font-size:55px;margin-right:5px;\">\n\t<i class=\"Defaults-windows\"><\/i>\n<\/div><\/div>[\/vc_column_inner][vc_column_inner width=&#8221;1\/4&#8243;]<div class=\" uavc-icons-center uavc-icons \">\n<div class=\"aio-icon  \" data-animation=\"bounceIn\" data-animation-delay=\"03\" style=\"color:#E86905;font-size:55px;margin-right:5px;\">\n\t<i class=\"Defaults-linux\"><\/i>\n<\/div><\/div>[\/vc_column_inner][vc_column_inner width=&#8221;1\/4&#8243;]<div class=\" uavc-icons-center uavc-icons \">\n<div class=\"aio-icon  \" data-animation=\"\" data-animation-delay=\"03\" style=\"color:#E86905;font-size:55px;margin-right:5px;\">\n\t<i class=\"Defaults-android\"><\/i>\n<\/div><\/div>[\/vc_column_inner][\/vc_row_inner][vc_row_inner][vc_column_inner][vc_text_separator title=&#8221;Nuestros Cursos y Talleres en todos los SO&#8221; color=&#8221;custom&#8221; border_width=&#8221;3&#8243; css=&#8221;&#8221; accent_color=&#8221;#E86905&#8243;][\/vc_column_inner][\/vc_row_inner][vc_row_inner][vc_column_inner][vc_single_image image=&#8221;5045&#8243; img_size=&#8221;full&#8221; alignment=&#8221;center&#8221; style=&#8221;vc_box_rounded&#8221; css=&#8221;.vc_custom_1746667548073{border-radius: 35px !important;}&#8221;][\/vc_column_inner][\/vc_row_inner][\/vc_column][vc_column width=&#8221;1\/2&#8243;][vc_single_image image=&#8221;5036&#8243; img_size=&#8221;570&#215;570&#8243; alignment=&#8221;center&#8221; style=&#8221;vc_box_rounded&#8221; css_animation=&#8221;bounceInDown&#8221; css=&#8221;.vc_custom_1746667320012{margin-bottom: 69px !important;}&#8221;][vc_row_inner][vc_column_inner]<div id=\"ultimate-heading-789069f0c783a159d\" class=\"uvc-heading ult-adjust-bottom-margin ultimate-heading-789069f0c783a159d uvc-9319 \" data-hspacer=\"no_spacer\"  data-halign=\"center\" style=\"text-align:center\"><div class=\"uvc-heading-spacer no_spacer\" style=\"top\"><\/div><div class=\"uvc-main-heading ult-responsive\"  data-ultimate-target='.uvc-heading.ultimate-heading-789069f0c783a159d h2'  data-responsive-json-new='{\"font-size\":\"\",\"line-height\":\"\"}' ><h2 style=\"font-weight:normal;color:#FA5300;\">\u00bfPor qu\u00e9 surge?<\/h2><\/div><div class=\"uvc-sub-heading ult-responsive\"  data-ultimate-target='.uvc-heading.ultimate-heading-789069f0c783a159d .uvc-sub-heading '  data-responsive-json-new='{\"font-size\":\"\",\"line-height\":\"\"}'  style=\"font-weight:normal;color:#FF3C00;\"><strong>ProsoponAI<\/strong>&nbsp;surge como respuesta a dos grandes necesidades contempor\u00e1neas:<\/div><\/div>[\/vc_column_inner][\/vc_row_inner][vc_tta_tabs active_section=&#8221;1&#8243;][vc_tta_section title=&#8221;Democratizaci\u00f3n&#8221; tab_id=&#8221;1532604609823-e6c605b3-04c5&#8243;][vc_column_text css=&#8221;&#8221;]<\/p>\n<h3 class=\"sppb-media-heading\">Democratizar el acceso al conocimiento tecnol\u00f3gico<\/h3>\n<div class=\"sppb-blocknumber-text\">Muchas personas ignoran el inmenso potencial y la profunda incidencia que la inteligencia artificial (IA) puede tener en su vida cotidiana, su trabajo y su educaci\u00f3n. Para otros, la IA se percibe como algo inalcanzable, lo que les impide aprovechar las oportunidades que esta tecnolog\u00eda ofrece.&nbsp;<strong>ProsoponAI<\/strong>&nbsp;nace con el prop\u00f3sito de superar estas barreras, haciendo que el aprendizaje de la IA sea accesible para todos de manera universal y equitativa.<\/div>\n<p>[\/vc_column_text][\/vc_tta_section][vc_tta_section title=&#8221;Armonizaci\u00f3n&#8221; tab_id=&#8221;1532604609845-4edaaecf-303f&#8221;][vc_column_text css=&#8221;&#8221;]<\/p>\n<h3 class=\"sppb-media-heading\">La armonizaci\u00f3n entre tecnolog\u00eda y valores humanos<\/h3>\n<div class=\"sppb-blocknumber-text\">La inteligencia artificial (IA) se presenta como una herramienta extremadamente poderosa, capaz de transformar profundamente nuestra realidad. Sin embargo, su impacto depende de c\u00f3mo se utilice: puede ser una fuerza para el bien com\u00fan o un recurso que cause da\u00f1o a la humanidad. Frente a este desaf\u00edo,&nbsp;<strong>ProsoponAI<\/strong>&nbsp;se posiciona como un espacio donde el progreso tecnol\u00f3gico y los valores humanos coexistan, promoviendo un uso responsable, consciente y \u00e9tico de la IA que priorice siempre el bienestar colectivo.<\/div>\n<p>[\/vc_column_text][\/vc_tta_section][\/vc_tta_tabs][\/vc_column][\/vc_row][vc_row content_placement=&#8221;middle&#8221; css=&#8221;.vc_custom_1746669866598{border-radius: 35px !important;border-color: #DD9933 !important;}&#8221;][vc_column][vc_custom_heading text=&#8221;Nuestros Valores&#8221; font_container=&#8221;tag:h2|text_align:center|color:%23FF9600&#8243; use_theme_fonts=&#8221;yes&#8221; css=&#8221;&#8221;][vc_tta_tabs][vc_tta_section i_icon_fontawesome=&#8221;fa fa-solid fa-users-gear&#8221; add_icon=&#8221;true&#8221; title=&#8221;Humanismo&#8221; tab_id=&#8221;1746668515772-d1c5bb91-2c04&#8243;][vc_column_text css=&#8221;&#8221;]Aseguramos que la IA est\u00e9 siempre al servicio del ser humano, respetando su dignidad y mejorando su calidad de vida, en l\u00ednea con las directrices \u00e9ticas internacionales.[\/vc_column_text][\/vc_tta_section][vc_tta_section i_icon_fontawesome=&#8221;fa fa-solid fa-scale-balanced&#8221; add_icon=&#8221;true&#8221; title=&#8221;\u00c9tica&#8221; tab_id=&#8221;1746668515772-599ad07d-f4cc&#8221;][vc_column_text css=&#8221;&#8221;]Nuestros programas promueven una reflexi\u00f3n profunda sobre las implicaciones morales y sociales de la IA, fomentando un compromiso con su uso responsable y conforme a las normativas vigentes.[\/vc_column_text][\/vc_tta_section][vc_tta_section i_icon_fontawesome=&#8221;fa fa-solid fa-people-roof&#8221; add_icon=&#8221;true&#8221; title=&#8221;Bien Com\u00fan&#8221; tab_id=&#8221;1746668604639-1bec58db-b6b6&#8243;][vc_column_text css=&#8221;&#8221;]Utilizamos las capacidades de la IA generativa para el beneficio y progreso de toda la sociedad, garantizando que su desarrollo y aplicaci\u00f3n sean inclusivos y equitativos.[\/vc_column_text][\/vc_tta_section][vc_tta_section i_icon_fontawesome=&#8221;fa fa-solid fa-network-wired&#8221; add_icon=&#8221;true&#8221; title=&#8221;Accesibilidad&#8221; tab_id=&#8221;1746668620121-3a86cf10-b22f&#8221;][vc_column_text css=&#8221;&#8221;]Facilitamos el acceso al aprendizaje de la IA para todos, eliminando barreras econ\u00f3micas, geogr\u00e1ficas, sociales y culturales, y promoviendo la diversidad en el campo de la tecnolog\u00eda.[\/vc_column_text][\/vc_tta_section][vc_tta_section i_icon_fontawesome=&#8221;fa fa-user-graduate&#8221; add_icon=&#8221;true&#8221; title=&#8221;Innovaci\u00f3n Responsable&#8221; tab_id=&#8221;1746668630430-3b4bf0aa-44f5&#8243;][vc_column_text css=&#8221;&#8221;]Nos mantenemos a la vanguardia de la tecnolog\u00eda y la educaci\u00f3n, empleando herramientas y metodolog\u00edas de alta calidad, asegurando que la innovaci\u00f3n se alinee con principios \u00e9ticos y beneficie a la humanidad en su conjunto.[\/vc_column_text][\/vc_tta_section][\/vc_tta_tabs][\/vc_column][\/vc_row][vc_row full_width=&#8221;stretch_row&#8221; bg_type=&#8221;bg_color&#8221; bg_color_value=&#8221;#000000&#8243;][vc_column width=&#8221;1\/3&#8243;][vc_single_image image=&#8221;5059&#8243; img_size=&#8221;large&#8221; alignment=&#8221;center&#8221; css=&#8221;&#8221;][\/vc_column][vc_column width=&#8221;1\/3&#8243;][vc_column_text css=&#8221;&#8221;]<\/p>\n<h4 class=\"sppb-addon-title\"><span style=\"color: #ffffff;\"><strong>Empoderamos a estudiantes y equipos de todo el mundo en nuestra plataforma educativa en l\u00ednea. Aprenda de los mejores, estudie con nuestros cursos y talleres online<\/strong><\/span><\/h4>\n<p>[\/vc_column_text][\/vc_column][vc_column width=&#8221;1\/3&#8243;][vc_btn title=&#8221;Registrarse&#8221; style=&#8221;theme-button&#8221; align=&#8221;center&#8221; i_icon_fontawesome=&#8221;fa fa-pen-alt&#8221; css=&#8221;&#8221; button_block=&#8221;true&#8221; add_icon=&#8221;true&#8221; link=&#8221;url:https%3A%2F%2Fprosoponai.com%2F1m5%2Fuser-account%2F%3Fmode%3Dregister&#8221;][vc_btn title=&#8221;Ver Cursos&#8221; style=&#8221;theme-button&#8221; align=&#8221;center&#8221; i_icon_fontawesome=&#8221;fa fa-book-open&#8221; css=&#8221;&#8221; button_block=&#8221;true&#8221; add_icon=&#8221;true&#8221; link=&#8221;url:https%3A%2F%2Fprosoponai.com%2F1m5%2Fcourses%2F&#8221;][\/vc_column][\/vc_row][vc_row][vc_column][stm_multy_separator css=&#8221;.vc_custom_1435819083449{margin-bottom: 64px !important;}&#8221;][vc_custom_heading text=&#8221;Certificaciones&#8221; use_theme_fonts=&#8221;yes&#8221; css=&#8221;.vc_custom_1746672267207{margin-bottom: 37px !important;}&#8221;][vc_row_inner][vc_column_inner width=&#8221;1\/3&#8243;][stm_certificate title=&#8221;Google Certified&#8221; image=&#8221;394&#8243;][\/vc_column_inner][vc_column_inner width=&#8221;1\/3&#8243;][stm_certificate title=&#8221;Microsoft Certified&#8221; image=&#8221;394&#8243;][\/vc_column_inner][vc_column_inner width=&#8221;1\/3&#8243;][stm_certificate title=&#8221;Apple Certified&#8221; image=&#8221;394&#8243;][\/vc_column_inner][\/vc_row_inner][\/vc_column][\/vc_row]<\/p>\n<\/div>","protected":false},"excerpt":{"rendered":"<p>[vc_row css=&#8221;.vc_custom_1435816078010{margin-bottom: 15px !important;}&#8221;][vc_column width=&#8221;1\/2&#8243;][vc_custom_heading text=&#8221;\u00bfQui\u00e9nes Somos?&#8221; use_theme_fonts=&#8221;yes&#8221; css=&#8221;.vc_custom_1746664814701{margin-bottom: 29px !important;}&#8221;][vc_column_text css=&#8221;.vc_custom_1746664723457{margin-bottom: 32px !important;}&#8221;]ProsoponAI&nbsp;es una plataforma educativa online dedicada a ofrecer cursos sobre Inteligencia Artificial. Inspirada en el concepto griego de &#8220;prosopon&#8221;, que significa &#8220;rostro&#8221; o &#8220;persona&#8221;, ProsoponAI coloca a la dignidad humana en el centro de la relaci\u00f3n entre el hombre y la tecnolog\u00eda. [&hellip;]<\/p>\n","protected":false},"author":1,"featured_media":0,"parent":0,"menu_order":0,"comment_status":"closed","ping_status":"closed","template":"","meta":{"pmpro_default_level":"","footnotes":""},"class_list":["post-392","page","type-page","status-publish","hentry","pmpro-has-access"],"_links":{"self":[{"href":"https:\/\/prosoponai.com\/1m5\/wp-json\/wp\/v2\/pages\/392","targetHints":{"allow":["GET"]}}],"collection":[{"href":"https:\/\/prosoponai.com\/1m5\/wp-json\/wp\/v2\/pages"}],"about":[{"href":"https:\/\/prosoponai.com\/1m5\/wp-json\/wp\/v2\/types\/page"}],"author":[{"embeddable":true,"href":"https:\/\/prosoponai.com\/1m5\/wp-json\/wp\/v2\/users\/1"}],"replies":[{"embeddable":true,"href":"https:\/\/prosoponai.com\/1m5\/wp-json\/wp\/v2\/comments?post=392"}],"version-history":[{"count":0,"href":"https:\/\/prosoponai.com\/1m5\/wp-json\/wp\/v2\/pages\/392\/revisions"}],"wp:attachment":[{"href":"https:\/\/prosoponai.com\/1m5\/wp-json\/wp\/v2\/media?parent=392"}],"curies":[{"name":"wp","href":"https:\/\/api.w.org\/{rel}","templated":true}]}}